{"id":1377,"date":"2020-09-28T15:54:58","date_gmt":"2020-09-28T14:54:58","guid":{"rendered":"http:\/\/ortomedicinal.com\/wp\/?post_type=product&#038;p=1377"},"modified":"2020-09-28T16:00:44","modified_gmt":"2020-09-28T15:00:44","slug":"mini-standy","status":"publish","type":"product","link":"http:\/\/ortomedicinal.com\/wp\/produto\/mini-standy\/","title":{"rendered":"Mini Standy"},"content":{"rendered":"","protected":false},"excerpt":{"rendered":"<p>O Mini Standy \u00e9 um standing frame para crian\u00e7a, simples, compacto e f\u00e1cil de utilizar e ajustar. Permite \u00e0 crian\u00e7a fazer posi\u00e7\u00e3o de p\u00e9, de um modo seguro e com os apoios necess\u00e1rios.<\/p>\n<p class=\"NormalWeb \"><span class=\"s_F544DAEA\">Segura e simples de personalizar \u2013 desenhada tanto para a crian\u00e7a como para o acompanhante<\/span><\/p>\n<p class=\"NormalWeb \"><span class=\"s_F544DAEA\">Leve e manobr\u00e1vel<\/span><\/p>\n<p class=\"NormalWeb \"><span class=\"s_F544DAEA\">Possibilidade de acess\u00f3rios \u2013 vasta gama de utilidades<\/span><\/p>\n","protected":false},"featured_media":1378,"comment_status":"open","ping_status":"closed","template":"","meta":[],"product_brand":[],"product_cat":[83,36,75,55],"product_tag":[],"class_list":{"0":"post-1377","1":"product","2":"type-product","3":"status-publish","4":"has-post-thumbnail","6":"product_cat-auxiliares-de-marcha","7":"product_cat-mobilidade","8":"product_cat-mobilidade-pediatrica","9":"product_cat-pediatria-produtos","11":"first","12":"instock","13":"taxable","14":"shipping-taxable","15":"product-type-simple"},"_links":{"self":[{"href":"http:\/\/ortomedicinal.com\/wp\/wp-json\/wp\/v2\/product\/1377","targetHints":{"allow":["GET"]}}],"collection":[{"href":"http:\/\/ortomedicinal.com\/wp\/wp-json\/wp\/v2\/product"}],"about":[{"href":"http:\/\/ortomedicinal.com\/wp\/wp-json\/wp\/v2\/types\/product"}],"replies":[{"embeddable":true,"href":"http:\/\/ortomedicinal.com\/wp\/wp-json\/wp\/v2\/comments?post=1377"}],"wp:featuredmedia":[{"embeddable":true,"href":"http:\/\/ortomedicinal.com\/wp\/wp-json\/wp\/v2\/media\/1378"}],"wp:attachment":[{"href":"http:\/\/ortomedicinal.com\/wp\/wp-json\/wp\/v2\/media?parent=1377"}],"wp:term":[{"taxonomy":"product_brand","embeddable":true,"href":"http:\/\/ortomedicinal.com\/wp\/wp-json\/wp\/v2\/product_brand?post=1377"},{"taxonomy":"product_cat","embeddable":true,"href":"http:\/\/ortomedicinal.com\/wp\/wp-json\/wp\/v2\/product_cat?post=1377"},{"taxonomy":"product_tag","embeddable":true,"href":"http:\/\/ortomedicinal.com\/wp\/wp-json\/wp\/v2\/product_tag?post=1377"}],"curies":[{"name":"wp","href":"https:\/\/api.w.org\/{rel}","templated":true}]}}