{"id":195,"date":"2019-05-24T17:29:21","date_gmt":"2019-05-24T16:29:21","guid":{"rendered":"http:\/\/ortomedicinal.com\/wp\/?page_id=195"},"modified":"2020-12-01T20:26:08","modified_gmt":"2020-12-01T20:26:08","slug":"ortoteses","status":"publish","type":"page","link":"http:\/\/ortomedicinal.com\/wp\/colibri-wp\/servicos\/ortoteses\/","title":{"rendered":"Ort\u00f3teses"},"content":{"rendered":"\n<blockquote class=\"wp-block-quote is-style-large is-layout-flow wp-block-quote-is-layout-flow\"><p>&#8220;<strong><strong>Ort\u00f3tese<\/strong><\/strong> (do grego&nbsp;<em>ortho<\/em>&nbsp;(\u03bf\u03c1\u03b8\u03c9\u03c2), que significa reto),<strong> <\/strong>\u00e9 um apoio ou dispositivo externo aplicado ao corpo para modificar os aspetos funcionais ou estruturais do sistema neuro m\u00fasculo-esquel\u00e9tico para obten\u00e7\u00e3o de uma ajuda mec\u00e2nica ou ortop\u00e9dica.&nbsp;Refere-se aos aparelhos ortop\u00e9dicos&nbsp;de uso provis\u00f3rio ou n\u00e3o, destinados a alinhar, prevenir ou corrigir deformidades ou melhorar a fun\u00e7\u00e3o das partes m\u00f3veis do corpo.&#8221;<\/p><cite>Refer\u00eancia ao site Wikip\u00e9dia (https:\/\/pt.wikipedia.org\/wiki\/\u00d3rtotese)<\/cite><\/blockquote>\n\n\n\n<div class=\"wp-block-group\"><div class=\"wp-block-group__inner-container is-layout-flow wp-block-group-is-layout-flow\">\n<div class=\"wp-block-columns is-layout-flex wp-container-core-columns-is-layout-9d6595d7 wp-block-columns-is-layout-flex\">\n<div class=\"wp-block-column is-layout-flow wp-block-column-is-layout-flow\">\n<figure class=\"wp-block-image size-large\"><img decoding=\"async\" src=\"https:\/\/s.w.org\/images\/core\/5.5\/don-quixote-02.jpg\" alt=\"\"\/><\/figure>\n\n\n\n<p class=\"has-text-align-center\" style=\"font-size:18px\"><strong>Estabilizadoras<\/strong><\/p>\n\n\n\n<p style=\"font-size:18px\">Mant\u00e9m uma posi\u00e7\u00e3o e impedem movimento indesejado, o que d\u00e1 a esse tipo utilidade como corre\u00e7\u00e3o de p\u00e9 equino, fraturas\u00a0e dores, e para diminuir a amplitude articular de um segmento inflamado ou doloroso.<\/p>\n<\/div>\n\n\n\n<div class=\"wp-block-column is-layout-flow wp-block-column-is-layout-flow\">\n<figure class=\"wp-block-image size-large\"><img decoding=\"async\" src=\"https:\/\/s.w.org\/images\/core\/5.5\/don-quixote-04.jpg\" alt=\"\"\/><\/figure>\n\n\n\n<p class=\"has-text-align-center\" style=\"font-size:18px\"><strong>Funcionais<\/strong><\/p>\n\n\n\n<p style=\"font-size:18px\">Conhecidas por\u00a0<em>din\u00e2micas<\/em>, s\u00e3o mais flex\u00edveis e permitem um movimento limitado.<\/p>\n<\/div>\n<\/div>\n\n\n\n<div class=\"wp-block-columns is-layout-flex wp-container-core-columns-is-layout-9d6595d7 wp-block-columns-is-layout-flex\">\n<div class=\"wp-block-column is-layout-flow wp-block-column-is-layout-flow\">\n<figure class=\"wp-block-image size-large\"><img decoding=\"async\" src=\"https:\/\/s.w.org\/images\/core\/5.5\/don-quixote-02.jpg\" alt=\"\"\/><\/figure>\n\n\n\n<p class=\"has-text-align-center\" style=\"font-size:18px\"><strong>Corretoras<\/strong><\/p>\n\n\n\n<p style=\"font-size:18px\">Indicadas para corrigir deformidades esquel\u00e9ticas. Geralmente t\u00eam seu uso em idades infantis para corrigir membros em desenvolvimento.<\/p>\n<\/div>\n\n\n\n<div class=\"wp-block-column is-layout-flow wp-block-column-is-layout-flow\">\n<figure class=\"wp-block-image size-large\"><img decoding=\"async\" src=\"https:\/\/s.w.org\/images\/core\/5.5\/don-quixote-04.jpg\" alt=\"\"\/><\/figure>\n\n\n\n<p class=\"has-text-align-center\" style=\"font-size:18px\"><strong>Protetoras<\/strong><\/p>\n\n\n\n<p style=\"font-size:18px\">Mant\u00e9m protegido um \u00f3rg\u00e3o afetado.<\/p>\n<\/div>\n<\/div>\n<\/div><\/div>\n","protected":false},"excerpt":{"rendered":"<p>&#8220;Ort\u00f3tese (do grego&nbsp;ortho&nbsp;(\u03bf\u03c1\u03b8\u03c9\u03c2), que significa reto), \u00e9 um apoio ou dispositivo externo aplicado ao corpo para modificar os aspetos funcionais ou estruturais do sistema neuro m\u00fasculo-esquel\u00e9tico para obten\u00e7\u00e3o de uma ajuda mec\u00e2nica ou ortop\u00e9dica.&nbsp;Refere-se aos aparelhos ortop\u00e9dicos&nbsp;de uso provis\u00f3rio ou n\u00e3o, destinados a alinhar, prevenir ou corrigir deformidades ou melhorar a fun\u00e7\u00e3o das partes m\u00f3veis&hellip;<\/p>\n","protected":false},"author":1,"featured_media":0,"parent":168,"menu_order":0,"comment_status":"closed","ping_status":"closed","template":"","meta":{"footnotes":""},"class_list":["post-195","page","type-page","status-publish","hentry"],"_links":{"self":[{"href":"http:\/\/ortomedicinal.com\/wp\/wp-json\/wp\/v2\/pages\/195","targetHints":{"allow":["GET"]}}],"collection":[{"href":"http:\/\/ortomedicinal.com\/wp\/wp-json\/wp\/v2\/pages"}],"about":[{"href":"http:\/\/ortomedicinal.com\/wp\/wp-json\/wp\/v2\/types\/page"}],"author":[{"embeddable":true,"href":"http:\/\/ortomedicinal.com\/wp\/wp-json\/wp\/v2\/users\/1"}],"replies":[{"embeddable":true,"href":"http:\/\/ortomedicinal.com\/wp\/wp-json\/wp\/v2\/comments?post=195"}],"version-history":[{"count":5,"href":"http:\/\/ortomedicinal.com\/wp\/wp-json\/wp\/v2\/pages\/195\/revisions"}],"predecessor-version":[{"id":1495,"href":"http:\/\/ortomedicinal.com\/wp\/wp-json\/wp\/v2\/pages\/195\/revisions\/1495"}],"up":[{"embeddable":true,"href":"http:\/\/ortomedicinal.com\/wp\/wp-json\/wp\/v2\/pages\/168"}],"wp:attachment":[{"href":"http:\/\/ortomedicinal.com\/wp\/wp-json\/wp\/v2\/media?parent=195"}],"curies":[{"name":"wp","href":"https:\/\/api.w.org\/{rel}","templated":true}]}}